{"id":10507,"date":"2026-02-21T17:29:27","date_gmt":"2026-02-21T15:29:27","guid":{"rendered":"https:\/\/mhf.ro\/mm\/?page_id=10507"},"modified":"2026-02-22T00:36:19","modified_gmt":"2026-02-21T22:36:19","slug":"cautare","status":"publish","type":"page","link":"https:\/\/mhf.ro\/mm\/cautare\/","title":{"rendered":"Cautare pe siteuri .ro"},"content":{"rendered":"\n<form method=\"GET\" autocomplete=\"off\" style=\"max-width:700px;margin:0 auto;\">\n    <input type=\"text\" name=\"q\" value=\"\" placeholder=\"Caut\u0103...\" style=\"width:100%;padding:10px;font-size:16px;\">\n    <button type=\"submit\" style=\"margin-top:5px;\">Caut\u0103<\/button>\n<\/form>\n\n\n<style>\n\/* Highlight *\/\nmark{background:yellow;}\n\n\/* Rezultate *\/\n.result{border-bottom:1px solid #ddd;padding:10px 0;}\n.domain{\n    color:#006621; display:block; font-size:14px; margin-bottom:2px; text-decoration:none;\n}\n.result h3{\n    font-size:18px; margin:0 0 4px 0;\n    color:#0a3d91; \/* albastru \u00eenchis *\/\n    display: -webkit-box;\n    -webkit-line-clamp: 2;  \/* 2 r\u00e2nduri titlu *\/\n    -webkit-box-orient: vertical;\n    overflow: hidden;\n    text-overflow: ellipsis;\n}\n.result p{\n    font-size:14px; margin:0 0 4px 0;\n    display: -webkit-box;\n    -webkit-line-clamp: 3;  \/* 3 r\u00e2nduri meta *\/\n    -webkit-box-orient: vertical;\n    overflow: hidden;\n    text-overflow: ellipsis;\n}\n.result small{\n    font-size:12px; color:#555;\n    display: -webkit-box;\n    -webkit-line-clamp: 1;  \/* 1 r\u00e2nd H1 *\/\n    -webkit-box-orient: vertical;\n    overflow: hidden;\n    text-overflow: ellipsis;\n}\n\n\/* Paginare *\/\n.pagination a{\n    display:inline-block; padding:4px 8px; margin:0 2px; border:1px solid #ddd; text-decoration:none; color:#333;\n}\n.pagination a.active{background:#eee; font-weight:bold;}\n<\/style>\n","protected":false},"excerpt":{"rendered":"","protected":false},"author":1,"featured_media":0,"parent":0,"menu_order":0,"comment_status":"closed","ping_status":"closed","template":"","meta":{"colormag_page_container_layout":"default_layout","colormag_page_sidebar_layout":"default_layout","footnotes":""},"class_list":["post-10507","page","type-page","status-publish","hentry"],"yoast_head":"<!-- This site is optimized with the Yoast SEO plugin v27.0 - https:\/\/yoast.com\/product\/yoast-seo-wordpress\/ -->\n<title>Cautare pe siteuri .ro - MHF Photography<\/title>\n<meta name=\"robots\" content=\"index, follow, max-snippet:-1, max-image-preview:large, max-video-preview:-1\" \/>\n<link rel=\"canonical\" href=\"https:\/\/mhf.ro\/mm\/cautare\/\" \/>\n<meta property=\"og:locale\" content=\"ro_RO\" \/>\n<meta property=\"og:type\" content=\"article\" \/>\n<meta property=\"og:title\" content=\"Cautare pe siteuri .ro - MHF Photography\" \/>\n<meta property=\"og:url\" content=\"https:\/\/mhf.ro\/mm\/cautare\/\" \/>\n<meta property=\"og:site_name\" content=\"MHF Photography\" \/>\n<meta property=\"article:modified_time\" content=\"2026-02-21T22:36:19+00:00\" \/>\n<meta name=\"twitter:card\" content=\"summary_large_image\" \/>\n<meta name=\"twitter:label1\" content=\"Timp estimat pentru citire\" \/>\n\t<meta name=\"twitter:data1\" content=\"1 minut\" \/>\n<script type=\"application\/ld+json\" class=\"yoast-schema-graph\">{\"@context\":\"https:\/\/schema.org\",\"@graph\":[{\"@type\":\"WebPage\",\"@id\":\"https:\/\/mhf.ro\/mm\/cautare\/\",\"url\":\"https:\/\/mhf.ro\/mm\/cautare\/\",\"name\":\"Cautare pe siteuri .ro - MHF Photography\",\"isPartOf\":{\"@id\":\"https:\/\/mhf.ro\/mm\/#website\"},\"datePublished\":\"2026-02-21T15:29:27+00:00\",\"dateModified\":\"2026-02-21T22:36:19+00:00\",\"breadcrumb\":{\"@id\":\"https:\/\/mhf.ro\/mm\/cautare\/#breadcrumb\"},\"inLanguage\":\"ro-RO\",\"potentialAction\":[{\"@type\":\"ReadAction\",\"target\":[\"https:\/\/mhf.ro\/mm\/cautare\/\"]}]},{\"@type\":\"BreadcrumbList\",\"@id\":\"https:\/\/mhf.ro\/mm\/cautare\/#breadcrumb\",\"itemListElement\":[{\"@type\":\"ListItem\",\"position\":1,\"name\":\"Prima pagin\u0103\",\"item\":\"https:\/\/mhf.ro\/mm\/\"},{\"@type\":\"ListItem\",\"position\":2,\"name\":\"Cautare pe siteuri .ro\"}]},{\"@type\":\"WebSite\",\"@id\":\"https:\/\/mhf.ro\/mm\/#website\",\"url\":\"https:\/\/mhf.ro\/mm\/\",\"name\":\"MHF Photography \u2013 Blog de fotografie, natur\u0103 \u0219i tehnic\u0103 divers\u0103\",\"description\":\"Aventur\u0103 \u00een fiecare cadru.\",\"publisher\":{\"@id\":\"https:\/\/mhf.ro\/mm\/#\/schema\/person\/a3bebf7bdb4bf12f698aff73c7e46c21\"},\"potentialAction\":[{\"@type\":\"SearchAction\",\"target\":{\"@type\":\"EntryPoint\",\"urlTemplate\":\"https:\/\/mhf.ro\/mm\/?s={search_term_string}\"},\"query-input\":{\"@type\":\"PropertyValueSpecification\",\"valueRequired\":true,\"valueName\":\"search_term_string\"}}],\"inLanguage\":\"ro-RO\"},{\"@type\":[\"Person\",\"Organization\"],\"@id\":\"https:\/\/mhf.ro\/mm\/#\/schema\/person\/a3bebf7bdb4bf12f698aff73c7e46c21\",\"name\":\"Marius Marcu\",\"image\":{\"@type\":\"ImageObject\",\"inLanguage\":\"ro-RO\",\"@id\":\"https:\/\/mhf.ro\/mm\/#\/schema\/person\/image\/\",\"url\":\"https:\/\/mhf.ro\/mm\/wp-content\/uploads\/2025\/12\/cropped-logo_mhf_2.png\",\"contentUrl\":\"https:\/\/mhf.ro\/mm\/wp-content\/uploads\/2025\/12\/cropped-logo_mhf_2.png\",\"width\":1096,\"height\":457,\"caption\":\"Marius Marcu\"},\"logo\":{\"@id\":\"https:\/\/mhf.ro\/mm\/#\/schema\/person\/image\/\"},\"sameAs\":[\"https:\/\/mhf.ro\/mm\"]}]}<\/script>\n<!-- \/ Yoast SEO plugin. -->","yoast_head_json":{"title":"Cautare pe siteuri .ro - MHF Photography","robots":{"index":"index","follow":"follow","max-snippet":"max-snippet:-1","max-image-preview":"max-image-preview:large","max-video-preview":"max-video-preview:-1"},"canonical":"https:\/\/mhf.ro\/mm\/cautare\/","og_locale":"ro_RO","og_type":"article","og_title":"Cautare pe siteuri .ro - MHF Photography","og_url":"https:\/\/mhf.ro\/mm\/cautare\/","og_site_name":"MHF Photography","article_modified_time":"2026-02-21T22:36:19+00:00","twitter_card":"summary_large_image","twitter_misc":{"Timp estimat pentru citire":"1 minut"},"schema":{"@context":"https:\/\/schema.org","@graph":[{"@type":"WebPage","@id":"https:\/\/mhf.ro\/mm\/cautare\/","url":"https:\/\/mhf.ro\/mm\/cautare\/","name":"Cautare pe siteuri .ro - MHF Photography","isPartOf":{"@id":"https:\/\/mhf.ro\/mm\/#website"},"datePublished":"2026-02-21T15:29:27+00:00","dateModified":"2026-02-21T22:36:19+00:00","breadcrumb":{"@id":"https:\/\/mhf.ro\/mm\/cautare\/#breadcrumb"},"inLanguage":"ro-RO","potentialAction":[{"@type":"ReadAction","target":["https:\/\/mhf.ro\/mm\/cautare\/"]}]},{"@type":"BreadcrumbList","@id":"https:\/\/mhf.ro\/mm\/cautare\/#breadcrumb","itemListElement":[{"@type":"ListItem","position":1,"name":"Prima pagin\u0103","item":"https:\/\/mhf.ro\/mm\/"},{"@type":"ListItem","position":2,"name":"Cautare pe siteuri .ro"}]},{"@type":"WebSite","@id":"https:\/\/mhf.ro\/mm\/#website","url":"https:\/\/mhf.ro\/mm\/","name":"MHF Photography \u2013 Blog de fotografie, natur\u0103 \u0219i tehnic\u0103 divers\u0103","description":"Aventur\u0103 \u00een fiecare cadru.","publisher":{"@id":"https:\/\/mhf.ro\/mm\/#\/schema\/person\/a3bebf7bdb4bf12f698aff73c7e46c21"},"potentialAction":[{"@type":"SearchAction","target":{"@type":"EntryPoint","urlTemplate":"https:\/\/mhf.ro\/mm\/?s={search_term_string}"},"query-input":{"@type":"PropertyValueSpecification","valueRequired":true,"valueName":"search_term_string"}}],"inLanguage":"ro-RO"},{"@type":["Person","Organization"],"@id":"https:\/\/mhf.ro\/mm\/#\/schema\/person\/a3bebf7bdb4bf12f698aff73c7e46c21","name":"Marius Marcu","image":{"@type":"ImageObject","inLanguage":"ro-RO","@id":"https:\/\/mhf.ro\/mm\/#\/schema\/person\/image\/","url":"https:\/\/mhf.ro\/mm\/wp-content\/uploads\/2025\/12\/cropped-logo_mhf_2.png","contentUrl":"https:\/\/mhf.ro\/mm\/wp-content\/uploads\/2025\/12\/cropped-logo_mhf_2.png","width":1096,"height":457,"caption":"Marius Marcu"},"logo":{"@id":"https:\/\/mhf.ro\/mm\/#\/schema\/person\/image\/"},"sameAs":["https:\/\/mhf.ro\/mm"]}]}},"_links":{"self":[{"href":"https:\/\/mhf.ro\/mm\/wp-json\/wp\/v2\/pages\/10507","targetHints":{"allow":["GET"]}}],"collection":[{"href":"https:\/\/mhf.ro\/mm\/wp-json\/wp\/v2\/pages"}],"about":[{"href":"https:\/\/mhf.ro\/mm\/wp-json\/wp\/v2\/types\/page"}],"author":[{"embeddable":true,"href":"https:\/\/mhf.ro\/mm\/wp-json\/wp\/v2\/users\/1"}],"replies":[{"embeddable":true,"href":"https:\/\/mhf.ro\/mm\/wp-json\/wp\/v2\/comments?post=10507"}],"version-history":[{"count":5,"href":"https:\/\/mhf.ro\/mm\/wp-json\/wp\/v2\/pages\/10507\/revisions"}],"predecessor-version":[{"id":10513,"href":"https:\/\/mhf.ro\/mm\/wp-json\/wp\/v2\/pages\/10507\/revisions\/10513"}],"wp:attachment":[{"href":"https:\/\/mhf.ro\/mm\/wp-json\/wp\/v2\/media?parent=10507"}],"curies":[{"name":"wp","href":"https:\/\/api.w.org\/{rel}","templated":true}]}}