{"id":6699,"date":"2022-03-08T15:59:49","date_gmt":"2022-03-08T13:59:49","guid":{"rendered":"https:\/\/mhf.ro\/mm\/?page_id=6699"},"modified":"2025-12-21T14:35:09","modified_gmt":"2025-12-21T12:35:09","slug":"club-tehnic","status":"publish","type":"page","link":"https:\/\/mhf.ro\/mm\/club-tehnic\/","title":{"rendered":"Club MHF"},"content":{"rendered":"\t\t<div data-elementor-type=\"wp-page\" data-elementor-id=\"6699\" class=\"elementor elementor-6699\">\n\t\t\t\t\t\t<section class=\"elementor-section elementor-top-section elementor-element elementor-element-be76a83 elementor-section-boxed elementor-section-height-default elementor-section-height-default\" data-id=\"be76a83\" data-element_type=\"section\" data-e-type=\"section\">\n\t\t\t\t\t\t<div class=\"elementor-container elementor-column-gap-default\">\n\t\t\t\t\t<div class=\"elementor-column elementor-col-100 elementor-top-column elementor-element elementor-element-b8a462a\" data-id=\"b8a462a\" data-element_type=\"column\" data-e-type=\"column\">\n\t\t\t<div class=\"elementor-widget-wrap elementor-element-populated\">\n\t\t\t\t\t\t<div class=\"elementor-element elementor-element-dceacf4 elementor-widget elementor-widget-ColorMag-Posts-Grid-4\" data-id=\"dceacf4\" data-element_type=\"widget\" data-e-type=\"widget\" data-widget_type=\"ColorMag-Posts-Grid-4.default\">\n\t\t\t\t<div class=\"elementor-widget-container\">\n\t\t\t\t\t\n        <div class=\"tg-module-grid tg-module-grid--style-4 tg-module-wrapper\">\n            \n            <div class=\"tg-row thinner\">\n                \n                    <div class=\"tg-col-control\">\n                        <div class=\"tg_module_grid tg_module_grid--medium\">\n                                                            <figure class=\"tg-module-thumb\">\n                                    \t\t<a href=\"https:\/\/mhf.ro\/mm\/servo-arduino\/\" class=\"tg-thumb-link\">\n\t\t\t<img fetchpriority=\"high\" decoding=\"async\" width=\"392\" height=\"272\" src=\"https:\/\/mhf.ro\/mm\/wp-content\/uploads\/2023\/04\/Servo_1-392x272.jpg\" class=\"attachment-colormag-highlighted-post size-colormag-highlighted-post wp-post-image\" alt=\"\" srcset=\"https:\/\/mhf.ro\/mm\/wp-content\/uploads\/2023\/04\/Servo_1-392x272.jpg 392w, https:\/\/mhf.ro\/mm\/wp-content\/uploads\/2023\/04\/Servo_1-130x90.jpg 130w, https:\/\/mhf.ro\/mm\/wp-content\/uploads\/2023\/04\/Servo_1-600x417.jpg 600w\" sizes=\"(max-width: 392px) 100vw, 392px\" \/>\t\t<\/a>\n\t\t                                <\/figure>\n                            \n                            <div class=\"tg-module-info\">\n                                <div class=\"tg-post-categories\"><a href=\"https:\/\/mhf.ro\/mm\/category\/info\/\" class=\"tg-post-category\" rel=\"category tag\">Informatica<\/a>&nbsp;<a href=\"https:\/\/mhf.ro\/mm\/category\/locale\/\" style=\"background:#102039\" class=\"tg-post-category\" rel=\"category tag\">Locale<\/a>&nbsp;<\/div>\t\t<h3 class=\"tg-module-title entry-title\">\n\t\t\t<a href=\"https:\/\/mhf.ro\/mm\/servo-arduino\/\">Servomotor comandat cu arduino<\/a>\n\t\t<\/h3>\n\t\t\n\t\t<div class=\"tg-module-meta\">\n\t\t\t\n\t\t\t<span class=\"tg-post-date entry-date\">\n\t\t\t\t<a href=\"https:\/\/mhf.ro\/mm\/servo-arduino\/\" rel=\"bookmark\"><time class=\"entry-date published\" datetime=\"2023-04-10T17:03:45+02:00\">10 aprilie 2023<\/time><time class=\"updated\" datetime=\"2023-04-10T17:04:54+02:00\">10 aprilie 2023<\/time><\/a>\t\t\t<\/span>\n\n\t\t\t<span class=\"tg-post-auther-name author vcard\">\n\t\t\t\t<a class=\"url fn n\" href=\"https:\/\/mhf.ro\/mm\/author\/mihai\/\">Marius Marcu<\/a>\t\t\t<\/span>\n\n\t\t\t\t\t\t\t<span class=\"tg-module-comments\">\n\t\t\t\t\t<a href=\"https:\/\/mhf.ro\/mm\/servo-arduino\/#respond\">0<\/a>\t\t\t\t<\/span>\n\t\t\t\t\t<\/div>\n\n\t\t                            <\/div>\n                        <\/div>\n                    <\/div>\n\n                \n                    <div class=\"tg-col-control\">\n                        <div class=\"tg_module_grid tg_module_grid--medium\">\n                                                            <figure class=\"tg-module-thumb\">\n                                    \t\t<a href=\"https:\/\/mhf.ro\/mm\/programare-telecomanda-nice-intikit\/\" class=\"tg-thumb-link\">\n\t\t\t<img decoding=\"async\" width=\"392\" height=\"272\" src=\"https:\/\/mhf.ro\/mm\/wp-content\/uploads\/2022\/03\/IMG_20220326_122444_edit_697095577999490-1-392x272.jpg\" class=\"attachment-colormag-highlighted-post size-colormag-highlighted-post wp-post-image\" alt=\"\" srcset=\"https:\/\/mhf.ro\/mm\/wp-content\/uploads\/2022\/03\/IMG_20220326_122444_edit_697095577999490-1-392x272.jpg 392w, https:\/\/mhf.ro\/mm\/wp-content\/uploads\/2022\/03\/IMG_20220326_122444_edit_697095577999490-1-130x90.jpg 130w, https:\/\/mhf.ro\/mm\/wp-content\/uploads\/2022\/03\/IMG_20220326_122444_edit_697095577999490-1-600x417.jpg 600w\" sizes=\"(max-width: 392px) 100vw, 392px\" \/>\t\t<\/a>\n\t\t                                <\/figure>\n                            \n                            <div class=\"tg-module-info\">\n                                <div class=\"tg-post-categories\"><a href=\"https:\/\/mhf.ro\/mm\/category\/comunicate\/\" class=\"tg-post-category\" rel=\"category tag\">Comunicate<\/a>&nbsp;<a href=\"https:\/\/mhf.ro\/mm\/category\/info\/\" class=\"tg-post-category\" rel=\"category tag\">Informatica<\/a>&nbsp;<\/div>\t\t<h3 class=\"tg-module-title entry-title\">\n\t\t\t<a href=\"https:\/\/mhf.ro\/mm\/programare-telecomanda-nice-intikit\/\">Programare telecomanda Nice IntiKit<\/a>\n\t\t<\/h3>\n\t\t\n\t\t<div class=\"tg-module-meta\">\n\t\t\t\n\t\t\t<span class=\"tg-post-date entry-date\">\n\t\t\t\t<a href=\"https:\/\/mhf.ro\/mm\/programare-telecomanda-nice-intikit\/\" rel=\"bookmark\"><time class=\"entry-date published\" datetime=\"2022-03-26T12:15:40+02:00\">26 martie 2022<\/time><time class=\"updated\" datetime=\"2022-03-26T12:53:22+02:00\">26 martie 2022<\/time><\/a>\t\t\t<\/span>\n\n\t\t\t<span class=\"tg-post-auther-name author vcard\">\n\t\t\t\t<a class=\"url fn n\" href=\"https:\/\/mhf.ro\/mm\/author\/mihai\/\">Marius Marcu<\/a>\t\t\t<\/span>\n\n\t\t\t\t\t\t\t<span class=\"tg-module-comments\">\n\t\t\t\t\t<a href=\"https:\/\/mhf.ro\/mm\/programare-telecomanda-nice-intikit\/#respond\">0<\/a>\t\t\t\t<\/span>\n\t\t\t\t\t<\/div>\n\n\t\t                            <\/div>\n                        <\/div>\n                    <\/div>\n\n                \n                    <div class=\"tg-col-control\">\n                        <div class=\"tg_module_grid tg_module_grid--medium\">\n                                                            <figure class=\"tg-module-thumb\">\n                                    \t\t<a href=\"https:\/\/mhf.ro\/mm\/modificare-pret-ocart-cu-sql-phpmyadmin\/\" class=\"tg-thumb-link\">\n\t\t\t<img decoding=\"async\" width=\"392\" height=\"272\" src=\"https:\/\/mhf.ro\/mm\/wp-content\/uploads\/2021\/04\/phpma-392x272.png\" class=\"attachment-colormag-highlighted-post size-colormag-highlighted-post wp-post-image\" alt=\"\" srcset=\"https:\/\/mhf.ro\/mm\/wp-content\/uploads\/2021\/04\/phpma-392x272.png 392w, https:\/\/mhf.ro\/mm\/wp-content\/uploads\/2021\/04\/phpma-130x90.png 130w, https:\/\/mhf.ro\/mm\/wp-content\/uploads\/2021\/04\/phpma-600x417.png 600w\" sizes=\"(max-width: 392px) 100vw, 392px\" \/>\t\t<\/a>\n\t\t                                <\/figure>\n                            \n                            <div class=\"tg-module-info\">\n                                <div class=\"tg-post-categories\"><a href=\"https:\/\/mhf.ro\/mm\/category\/div\/\" style=\"background:#102039\" class=\"tg-post-category\" rel=\"category tag\">Diverse<\/a>&nbsp;<a href=\"https:\/\/mhf.ro\/mm\/category\/info\/\" class=\"tg-post-category\" rel=\"category tag\">Informatica<\/a>&nbsp;<\/div>\t\t<h3 class=\"tg-module-title entry-title\">\n\t\t\t<a href=\"https:\/\/mhf.ro\/mm\/modificare-pret-ocart-cu-sql-phpmyadmin\/\">Modificare pre\u021b ocart cu SQL phpMyAdmin<\/a>\n\t\t<\/h3>\n\t\t\n\t\t<div class=\"tg-module-meta\">\n\t\t\t\n\t\t\t<span class=\"tg-post-date entry-date\">\n\t\t\t\t<a href=\"https:\/\/mhf.ro\/mm\/modificare-pret-ocart-cu-sql-phpmyadmin\/\" rel=\"bookmark\"><time class=\"entry-date published\" datetime=\"2021-04-20T08:14:28+02:00\">20 aprilie 2021<\/time><time class=\"updated\" datetime=\"2021-04-19T16:48:23+02:00\">19 aprilie 2021<\/time><\/a>\t\t\t<\/span>\n\n\t\t\t<span class=\"tg-post-auther-name author vcard\">\n\t\t\t\t<a class=\"url fn n\" href=\"https:\/\/mhf.ro\/mm\/author\/mihai\/\">Marius Marcu<\/a>\t\t\t<\/span>\n\n\t\t\t\t\t\t\t<span class=\"tg-module-comments\">\n\t\t\t\t\t<a href=\"https:\/\/mhf.ro\/mm\/modificare-pret-ocart-cu-sql-phpmyadmin\/#respond\">0<\/a>\t\t\t\t<\/span>\n\t\t\t\t\t<\/div>\n\n\t\t                            <\/div>\n                        <\/div>\n                    <\/div>\n\n                            <\/div>\n        <\/div>\n\n        \t\t\t\t<\/div>\n\t\t\t\t<\/div>\n\t\t\t\t\t<\/div>\n\t\t<\/div>\n\t\t\t\t\t<\/div>\n\t\t<\/section>\n\t\t\t\t<section class=\"elementor-section elementor-top-section elementor-element elementor-element-697886e elementor-section-boxed elementor-section-height-default elementor-section-height-default\" data-id=\"697886e\" data-element_type=\"section\" data-e-type=\"section\">\n\t\t\t\t\t\t<div class=\"elementor-container elementor-column-gap-default\">\n\t\t\t\t\t<div class=\"elementor-column elementor-col-100 elementor-top-column elementor-element elementor-element-4e7549f\" data-id=\"4e7549f\" data-element_type=\"column\" data-e-type=\"column\">\n\t\t\t<div class=\"elementor-widget-wrap elementor-element-populated\">\n\t\t\t\t\t\t<div class=\"elementor-element elementor-element-3a0da79 elementor-widget elementor-widget-ColorMag-Posts-Grid-4\" data-id=\"3a0da79\" data-element_type=\"widget\" data-e-type=\"widget\" data-widget_type=\"ColorMag-Posts-Grid-4.default\">\n\t\t\t\t<div class=\"elementor-widget-container\">\n\t\t\t\t\t\n        <div class=\"tg-module-grid tg-module-grid--style-4 tg-module-wrapper\">\n            \n            <div class=\"tg-row thinner\">\n                \n                    <div class=\"tg-col-control\">\n                        <div class=\"tg_module_grid tg_module_grid--medium\">\n                                                            <figure class=\"tg-module-thumb\">\n                                    \t\t<a href=\"https:\/\/mhf.ro\/mm\/cum-folosim-hyper-v-manager-in-windows-10-pro\/\" class=\"tg-thumb-link\">\n\t\t\t<img loading=\"lazy\" decoding=\"async\" width=\"392\" height=\"272\" src=\"https:\/\/mhf.ro\/mm\/wp-content\/uploads\/2021\/04\/Hyper-v-manager-392x272.png\" class=\"attachment-colormag-highlighted-post size-colormag-highlighted-post wp-post-image\" alt=\"\" srcset=\"https:\/\/mhf.ro\/mm\/wp-content\/uploads\/2021\/04\/Hyper-v-manager-392x272.png 392w, https:\/\/mhf.ro\/mm\/wp-content\/uploads\/2021\/04\/Hyper-v-manager-130x90.png 130w, https:\/\/mhf.ro\/mm\/wp-content\/uploads\/2021\/04\/Hyper-v-manager-600x417.png 600w\" sizes=\"(max-width: 392px) 100vw, 392px\" \/>\t\t<\/a>\n\t\t                                <\/figure>\n                            \n                            <div class=\"tg-module-info\">\n                                <div class=\"tg-post-categories\"><a href=\"https:\/\/mhf.ro\/mm\/category\/info\/\" class=\"tg-post-category\" rel=\"category tag\">Informatica<\/a>&nbsp;<a href=\"https:\/\/mhf.ro\/mm\/category\/locale\/\" style=\"background:#102039\" class=\"tg-post-category\" rel=\"category tag\">Locale<\/a>&nbsp;<\/div>\t\t<h3 class=\"tg-module-title entry-title\">\n\t\t\t<a href=\"https:\/\/mhf.ro\/mm\/cum-folosim-hyper-v-manager-in-windows-10-pro\/\">Cum folosim Hyper-V Manager \u00een windows 10 Pro<\/a>\n\t\t<\/h3>\n\t\t\n\t\t<div class=\"tg-module-meta\">\n\t\t\t\n\t\t\t<span class=\"tg-post-date entry-date\">\n\t\t\t\t<a href=\"https:\/\/mhf.ro\/mm\/cum-folosim-hyper-v-manager-in-windows-10-pro\/\" rel=\"bookmark\"><time class=\"entry-date published\" datetime=\"2021-04-18T21:03:26+02:00\">18 aprilie 2021<\/time><time class=\"updated\" datetime=\"2021-04-18T21:18:36+02:00\">18 aprilie 2021<\/time><\/a>\t\t\t<\/span>\n\n\t\t\t<span class=\"tg-post-auther-name author vcard\">\n\t\t\t\t<a class=\"url fn n\" href=\"https:\/\/mhf.ro\/mm\/author\/mihai\/\">Marius Marcu<\/a>\t\t\t<\/span>\n\n\t\t\t\t\t\t\t<span class=\"tg-module-comments\">\n\t\t\t\t\t<a href=\"https:\/\/mhf.ro\/mm\/cum-folosim-hyper-v-manager-in-windows-10-pro\/#respond\">0<\/a>\t\t\t\t<\/span>\n\t\t\t\t\t<\/div>\n\n\t\t                            <\/div>\n                        <\/div>\n                    <\/div>\n\n                \n                    <div class=\"tg-col-control\">\n                        <div class=\"tg_module_grid tg_module_grid--medium\">\n                                                            <figure class=\"tg-module-thumb\">\n                                    \t\t<a href=\"https:\/\/mhf.ro\/mm\/melfa-rv2-aj\/\" class=\"tg-thumb-link\">\n\t\t\t<img loading=\"lazy\" decoding=\"async\" width=\"392\" height=\"272\" src=\"https:\/\/mhf.ro\/mm\/wp-content\/uploads\/2020\/11\/robo_melfa-392x272.png\" class=\"attachment-colormag-highlighted-post size-colormag-highlighted-post wp-post-image\" alt=\"\" srcset=\"https:\/\/mhf.ro\/mm\/wp-content\/uploads\/2020\/11\/robo_melfa-392x272.png 392w, https:\/\/mhf.ro\/mm\/wp-content\/uploads\/2020\/11\/robo_melfa-130x90.png 130w\" sizes=\"(max-width: 392px) 100vw, 392px\" \/>\t\t<\/a>\n\t\t                                <\/figure>\n                            \n                            <div class=\"tg-module-info\">\n                                <div class=\"tg-post-categories\"><a href=\"https:\/\/mhf.ro\/mm\/category\/div\/\" style=\"background:#102039\" class=\"tg-post-category\" rel=\"category tag\">Diverse<\/a>&nbsp;<a href=\"https:\/\/mhf.ro\/mm\/category\/info\/\" class=\"tg-post-category\" rel=\"category tag\">Informatica<\/a>&nbsp;<\/div>\t\t<h3 class=\"tg-module-title entry-title\">\n\t\t\t<a href=\"https:\/\/mhf.ro\/mm\/melfa-rv2-aj\/\">Melfa RV2-AJ<\/a>\n\t\t<\/h3>\n\t\t\n\t\t<div class=\"tg-module-meta\">\n\t\t\t\n\t\t\t<span class=\"tg-post-date entry-date\">\n\t\t\t\t<a href=\"https:\/\/mhf.ro\/mm\/melfa-rv2-aj\/\" rel=\"bookmark\"><time class=\"entry-date published\" datetime=\"2020-11-17T14:54:29+02:00\">17 noiembrie 2020<\/time><time class=\"updated\" datetime=\"2020-11-17T15:07:50+02:00\">17 noiembrie 2020<\/time><\/a>\t\t\t<\/span>\n\n\t\t\t<span class=\"tg-post-auther-name author vcard\">\n\t\t\t\t<a class=\"url fn n\" href=\"https:\/\/mhf.ro\/mm\/author\/mihai\/\">Marius Marcu<\/a>\t\t\t<\/span>\n\n\t\t\t\t\t\t\t<span class=\"tg-module-comments\">\n\t\t\t\t\t<a href=\"https:\/\/mhf.ro\/mm\/melfa-rv2-aj\/#respond\">0<\/a>\t\t\t\t<\/span>\n\t\t\t\t\t<\/div>\n\n\t\t                            <\/div>\n                        <\/div>\n                    <\/div>\n\n                \n                    <div class=\"tg-col-control\">\n                        <div class=\"tg_module_grid tg_module_grid--medium\">\n                                                            <figure class=\"tg-module-thumb\">\n                                    \t\t<a href=\"https:\/\/mhf.ro\/mm\/creare-si-modificare-articol-in-wordpress\/\" class=\"tg-thumb-link\">\n\t\t\t<img loading=\"lazy\" decoding=\"async\" width=\"392\" height=\"272\" src=\"https:\/\/mhf.ro\/mm\/wp-content\/uploads\/2020\/10\/Articol_1-392x272.png\" class=\"attachment-colormag-highlighted-post size-colormag-highlighted-post wp-post-image\" alt=\"\" srcset=\"https:\/\/mhf.ro\/mm\/wp-content\/uploads\/2020\/10\/Articol_1-392x272.png 392w, https:\/\/mhf.ro\/mm\/wp-content\/uploads\/2020\/10\/Articol_1-130x90.png 130w, https:\/\/mhf.ro\/mm\/wp-content\/uploads\/2020\/10\/Articol_1-600x417.png 600w\" sizes=\"(max-width: 392px) 100vw, 392px\" \/>\t\t<\/a>\n\t\t                                <\/figure>\n                            \n                            <div class=\"tg-module-info\">\n                                <div class=\"tg-post-categories\"><a href=\"https:\/\/mhf.ro\/mm\/category\/div\/\" style=\"background:#102039\" class=\"tg-post-category\" rel=\"category tag\">Diverse<\/a>&nbsp;<a href=\"https:\/\/mhf.ro\/mm\/category\/info\/\" class=\"tg-post-category\" rel=\"category tag\">Informatica<\/a>&nbsp;<a href=\"https:\/\/mhf.ro\/mm\/category\/video\/\" class=\"tg-post-category\" rel=\"category tag\">Video<\/a>&nbsp;<\/div>\t\t<h3 class=\"tg-module-title entry-title\">\n\t\t\t<a href=\"https:\/\/mhf.ro\/mm\/creare-si-modificare-articol-in-wordpress\/\">Creare \u0219i modificare articol \u00een  WordPress<\/a>\n\t\t<\/h3>\n\t\t\n\t\t<div class=\"tg-module-meta\">\n\t\t\t\n\t\t\t<span class=\"tg-post-date entry-date\">\n\t\t\t\t<a href=\"https:\/\/mhf.ro\/mm\/creare-si-modificare-articol-in-wordpress\/\" rel=\"bookmark\"><time class=\"entry-date published\" datetime=\"2020-10-13T11:14:45+02:00\">13 octombrie 2020<\/time><time class=\"updated\" datetime=\"2020-10-15T11:08:58+02:00\">15 octombrie 2020<\/time><\/a>\t\t\t<\/span>\n\n\t\t\t<span class=\"tg-post-auther-name author vcard\">\n\t\t\t\t<a class=\"url fn n\" href=\"https:\/\/mhf.ro\/mm\/author\/mihai\/\">Marius Marcu<\/a>\t\t\t<\/span>\n\n\t\t\t\t\t\t\t<span class=\"tg-module-comments\">\n\t\t\t\t\t<a href=\"https:\/\/mhf.ro\/mm\/creare-si-modificare-articol-in-wordpress\/#respond\">0<\/a>\t\t\t\t<\/span>\n\t\t\t\t\t<\/div>\n\n\t\t                            <\/div>\n                        <\/div>\n                    <\/div>\n\n                            <\/div>\n        <\/div>\n\n        \t\t\t\t<\/div>\n\t\t\t\t<\/div>\n\t\t\t\t\t<\/div>\n\t\t<\/div>\n\t\t\t\t\t<\/div>\n\t\t<\/section>\n\t\t\t\t<\/div>\n\t\t","protected":false},"excerpt":{"rendered":"<p>Informatica\u00a0Locale Servomotor comandat cu arduino 10 aprilie 202310 aprilie 2023 Marius Marcu 0 Comunicate\u00a0Informatica Programare telecomanda Nice IntiKit 26 martie<\/p>\n","protected":false},"author":1,"featured_media":0,"parent":0,"menu_order":0,"comment_status":"closed","ping_status":"closed","template":"","meta":{"colormag_page_container_layout":"default_layout","colormag_page_sidebar_layout":"default_layout","footnotes":""},"class_list":["post-6699","page","type-page","status-publish","hentry"],"yoast_head":"<!-- This site is optimized with the Yoast SEO plugin v27.0 - https:\/\/yoast.com\/product\/yoast-seo-wordpress\/ -->\n<title>Club MHF \u2013 Comunitatea pasiona\u021bilor de fotografie \u0219i natur\u0103<\/title>\n<meta name=\"description\" content=\"Al\u0103tur\u0103-te Clubului MHF \u2013 comunitatea pasiona\u021bilor de fotografie \u0219i natur\u0103, unde membrii \u00eemp\u0103rt\u0103\u0219esc experien\u021be, articole \u0219i proiecte foto.\" \/>\n<meta name=\"robots\" content=\"index, follow, max-snippet:-1, max-image-preview:large, max-video-preview:-1\" \/>\n<link rel=\"canonical\" href=\"https:\/\/mhf.ro\/mm\/club-tehnic\/\" \/>\n<meta property=\"og:locale\" content=\"ro_RO\" \/>\n<meta property=\"og:type\" content=\"article\" \/>\n<meta property=\"og:title\" content=\"Club MHF \u2013 Comunitatea pasiona\u021bilor de fotografie \u0219i natur\u0103\" \/>\n<meta property=\"og:description\" content=\"Al\u0103tur\u0103-te Clubului MHF \u2013 comunitatea pasiona\u021bilor de fotografie \u0219i natur\u0103, unde membrii \u00eemp\u0103rt\u0103\u0219esc experien\u021be, articole \u0219i proiecte foto.\" \/>\n<meta property=\"og:url\" content=\"https:\/\/mhf.ro\/mm\/club-tehnic\/\" \/>\n<meta property=\"og:site_name\" content=\"MHF Photography\" \/>\n<meta property=\"article:modified_time\" content=\"2025-12-21T12:35:09+00:00\" \/>\n<meta property=\"og:image\" content=\"https:\/\/mhf.ro\/mm\/wp-content\/uploads\/2023\/04\/Servo_1-392x272.jpg\" \/>\n<meta name=\"twitter:card\" content=\"summary_large_image\" \/>\n<meta name=\"twitter:label1\" content=\"Timp estimat pentru citire\" \/>\n\t<meta name=\"twitter:data1\" content=\"2 minute\" \/>\n<script type=\"application\/ld+json\" class=\"yoast-schema-graph\">{\"@context\":\"https:\/\/schema.org\",\"@graph\":[{\"@type\":\"WebPage\",\"@id\":\"https:\/\/mhf.ro\/mm\/club-tehnic\/\",\"url\":\"https:\/\/mhf.ro\/mm\/club-tehnic\/\",\"name\":\"Club MHF \u2013 Comunitatea pasiona\u021bilor de fotografie \u0219i natur\u0103\",\"isPartOf\":{\"@id\":\"https:\/\/mhf.ro\/mm\/#website\"},\"primaryImageOfPage\":{\"@id\":\"https:\/\/mhf.ro\/mm\/club-tehnic\/#primaryimage\"},\"image\":{\"@id\":\"https:\/\/mhf.ro\/mm\/club-tehnic\/#primaryimage\"},\"thumbnailUrl\":\"https:\/\/mhf.ro\/mm\/wp-content\/uploads\/2023\/04\/Servo_1-392x272.jpg\",\"datePublished\":\"2022-03-08T13:59:49+00:00\",\"dateModified\":\"2025-12-21T12:35:09+00:00\",\"description\":\"Al\u0103tur\u0103-te Clubului MHF \u2013 comunitatea pasiona\u021bilor de fotografie \u0219i natur\u0103, unde membrii \u00eemp\u0103rt\u0103\u0219esc experien\u021be, articole \u0219i proiecte foto.\",\"breadcrumb\":{\"@id\":\"https:\/\/mhf.ro\/mm\/club-tehnic\/#breadcrumb\"},\"inLanguage\":\"ro-RO\",\"potentialAction\":[{\"@type\":\"ReadAction\",\"target\":[\"https:\/\/mhf.ro\/mm\/club-tehnic\/\"]}]},{\"@type\":\"ImageObject\",\"inLanguage\":\"ro-RO\",\"@id\":\"https:\/\/mhf.ro\/mm\/club-tehnic\/#primaryimage\",\"url\":\"https:\/\/mhf.ro\/mm\/wp-content\/uploads\/2023\/04\/Servo_1.jpg\",\"contentUrl\":\"https:\/\/mhf.ro\/mm\/wp-content\/uploads\/2023\/04\/Servo_1.jpg\",\"width\":1280,\"height\":960},{\"@type\":\"BreadcrumbList\",\"@id\":\"https:\/\/mhf.ro\/mm\/club-tehnic\/#breadcrumb\",\"itemListElement\":[{\"@type\":\"ListItem\",\"position\":1,\"name\":\"Prima pagin\u0103\",\"item\":\"https:\/\/mhf.ro\/mm\/\"},{\"@type\":\"ListItem\",\"position\":2,\"name\":\"Club MHF\"}]},{\"@type\":\"WebSite\",\"@id\":\"https:\/\/mhf.ro\/mm\/#website\",\"url\":\"https:\/\/mhf.ro\/mm\/\",\"name\":\"MHF Photography \u2013 Blog de fotografie, natur\u0103 \u0219i tehnic\u0103 divers\u0103\",\"description\":\"Aventur\u0103 \u00een fiecare cadru.\",\"publisher\":{\"@id\":\"https:\/\/mhf.ro\/mm\/#\/schema\/person\/a3bebf7bdb4bf12f698aff73c7e46c21\"},\"potentialAction\":[{\"@type\":\"SearchAction\",\"target\":{\"@type\":\"EntryPoint\",\"urlTemplate\":\"https:\/\/mhf.ro\/mm\/?s={search_term_string}\"},\"query-input\":{\"@type\":\"PropertyValueSpecification\",\"valueRequired\":true,\"valueName\":\"search_term_string\"}}],\"inLanguage\":\"ro-RO\"},{\"@type\":[\"Person\",\"Organization\"],\"@id\":\"https:\/\/mhf.ro\/mm\/#\/schema\/person\/a3bebf7bdb4bf12f698aff73c7e46c21\",\"name\":\"Marius Marcu\",\"image\":{\"@type\":\"ImageObject\",\"inLanguage\":\"ro-RO\",\"@id\":\"https:\/\/mhf.ro\/mm\/#\/schema\/person\/image\/\",\"url\":\"https:\/\/mhf.ro\/mm\/wp-content\/uploads\/2025\/12\/cropped-logo_mhf_2.png\",\"contentUrl\":\"https:\/\/mhf.ro\/mm\/wp-content\/uploads\/2025\/12\/cropped-logo_mhf_2.png\",\"width\":1096,\"height\":457,\"caption\":\"Marius Marcu\"},\"logo\":{\"@id\":\"https:\/\/mhf.ro\/mm\/#\/schema\/person\/image\/\"},\"sameAs\":[\"https:\/\/mhf.ro\/mm\"]}]}<\/script>\n<!-- \/ Yoast SEO plugin. -->","yoast_head_json":{"title":"Club MHF \u2013 Comunitatea pasiona\u021bilor de fotografie \u0219i natur\u0103","description":"Al\u0103tur\u0103-te Clubului MHF \u2013 comunitatea pasiona\u021bilor de fotografie \u0219i natur\u0103, unde membrii \u00eemp\u0103rt\u0103\u0219esc experien\u021be, articole \u0219i proiecte foto.","robots":{"index":"index","follow":"follow","max-snippet":"max-snippet:-1","max-image-preview":"max-image-preview:large","max-video-preview":"max-video-preview:-1"},"canonical":"https:\/\/mhf.ro\/mm\/club-tehnic\/","og_locale":"ro_RO","og_type":"article","og_title":"Club MHF \u2013 Comunitatea pasiona\u021bilor de fotografie \u0219i natur\u0103","og_description":"Al\u0103tur\u0103-te Clubului MHF \u2013 comunitatea pasiona\u021bilor de fotografie \u0219i natur\u0103, unde membrii \u00eemp\u0103rt\u0103\u0219esc experien\u021be, articole \u0219i proiecte foto.","og_url":"https:\/\/mhf.ro\/mm\/club-tehnic\/","og_site_name":"MHF Photography","article_modified_time":"2025-12-21T12:35:09+00:00","og_image":[{"url":"https:\/\/mhf.ro\/mm\/wp-content\/uploads\/2023\/04\/Servo_1-392x272.jpg","type":"","width":"","height":""}],"twitter_card":"summary_large_image","twitter_misc":{"Timp estimat pentru citire":"2 minute"},"schema":{"@context":"https:\/\/schema.org","@graph":[{"@type":"WebPage","@id":"https:\/\/mhf.ro\/mm\/club-tehnic\/","url":"https:\/\/mhf.ro\/mm\/club-tehnic\/","name":"Club MHF \u2013 Comunitatea pasiona\u021bilor de fotografie \u0219i natur\u0103","isPartOf":{"@id":"https:\/\/mhf.ro\/mm\/#website"},"primaryImageOfPage":{"@id":"https:\/\/mhf.ro\/mm\/club-tehnic\/#primaryimage"},"image":{"@id":"https:\/\/mhf.ro\/mm\/club-tehnic\/#primaryimage"},"thumbnailUrl":"https:\/\/mhf.ro\/mm\/wp-content\/uploads\/2023\/04\/Servo_1-392x272.jpg","datePublished":"2022-03-08T13:59:49+00:00","dateModified":"2025-12-21T12:35:09+00:00","description":"Al\u0103tur\u0103-te Clubului MHF \u2013 comunitatea pasiona\u021bilor de fotografie \u0219i natur\u0103, unde membrii \u00eemp\u0103rt\u0103\u0219esc experien\u021be, articole \u0219i proiecte foto.","breadcrumb":{"@id":"https:\/\/mhf.ro\/mm\/club-tehnic\/#breadcrumb"},"inLanguage":"ro-RO","potentialAction":[{"@type":"ReadAction","target":["https:\/\/mhf.ro\/mm\/club-tehnic\/"]}]},{"@type":"ImageObject","inLanguage":"ro-RO","@id":"https:\/\/mhf.ro\/mm\/club-tehnic\/#primaryimage","url":"https:\/\/mhf.ro\/mm\/wp-content\/uploads\/2023\/04\/Servo_1.jpg","contentUrl":"https:\/\/mhf.ro\/mm\/wp-content\/uploads\/2023\/04\/Servo_1.jpg","width":1280,"height":960},{"@type":"BreadcrumbList","@id":"https:\/\/mhf.ro\/mm\/club-tehnic\/#breadcrumb","itemListElement":[{"@type":"ListItem","position":1,"name":"Prima pagin\u0103","item":"https:\/\/mhf.ro\/mm\/"},{"@type":"ListItem","position":2,"name":"Club MHF"}]},{"@type":"WebSite","@id":"https:\/\/mhf.ro\/mm\/#website","url":"https:\/\/mhf.ro\/mm\/","name":"MHF Photography \u2013 Blog de fotografie, natur\u0103 \u0219i tehnic\u0103 divers\u0103","description":"Aventur\u0103 \u00een fiecare cadru.","publisher":{"@id":"https:\/\/mhf.ro\/mm\/#\/schema\/person\/a3bebf7bdb4bf12f698aff73c7e46c21"},"potentialAction":[{"@type":"SearchAction","target":{"@type":"EntryPoint","urlTemplate":"https:\/\/mhf.ro\/mm\/?s={search_term_string}"},"query-input":{"@type":"PropertyValueSpecification","valueRequired":true,"valueName":"search_term_string"}}],"inLanguage":"ro-RO"},{"@type":["Person","Organization"],"@id":"https:\/\/mhf.ro\/mm\/#\/schema\/person\/a3bebf7bdb4bf12f698aff73c7e46c21","name":"Marius Marcu","image":{"@type":"ImageObject","inLanguage":"ro-RO","@id":"https:\/\/mhf.ro\/mm\/#\/schema\/person\/image\/","url":"https:\/\/mhf.ro\/mm\/wp-content\/uploads\/2025\/12\/cropped-logo_mhf_2.png","contentUrl":"https:\/\/mhf.ro\/mm\/wp-content\/uploads\/2025\/12\/cropped-logo_mhf_2.png","width":1096,"height":457,"caption":"Marius Marcu"},"logo":{"@id":"https:\/\/mhf.ro\/mm\/#\/schema\/person\/image\/"},"sameAs":["https:\/\/mhf.ro\/mm"]}]}},"_links":{"self":[{"href":"https:\/\/mhf.ro\/mm\/wp-json\/wp\/v2\/pages\/6699","targetHints":{"allow":["GET"]}}],"collection":[{"href":"https:\/\/mhf.ro\/mm\/wp-json\/wp\/v2\/pages"}],"about":[{"href":"https:\/\/mhf.ro\/mm\/wp-json\/wp\/v2\/types\/page"}],"author":[{"embeddable":true,"href":"https:\/\/mhf.ro\/mm\/wp-json\/wp\/v2\/users\/1"}],"replies":[{"embeddable":true,"href":"https:\/\/mhf.ro\/mm\/wp-json\/wp\/v2\/comments?post=6699"}],"version-history":[{"count":78,"href":"https:\/\/mhf.ro\/mm\/wp-json\/wp\/v2\/pages\/6699\/revisions"}],"predecessor-version":[{"id":9594,"href":"https:\/\/mhf.ro\/mm\/wp-json\/wp\/v2\/pages\/6699\/revisions\/9594"}],"wp:attachment":[{"href":"https:\/\/mhf.ro\/mm\/wp-json\/wp\/v2\/media?parent=6699"}],"curies":[{"name":"wp","href":"https:\/\/api.w.org\/{rel}","templated":true}]}}